{"id":707,"date":"2021-11-02T05:52:54","date_gmt":"2021-11-02T05:52:54","guid":{"rendered":"https:\/\/wpocean.com\/wp\/plumco\/?page_id=19"},"modified":"2026-01-28T22:13:30","modified_gmt":"2026-01-28T19:13:30","slug":"contact","status":"publish","type":"page","link":"https:\/\/miracuzun.com.tr\/tesisat-sitesi\/contact\/","title":{"rendered":"\u0130leti\u015fim"},"content":{"rendered":"\t\t<div data-elementor-type=\"wp-page\" data-elementor-id=\"707\" class=\"elementor elementor-707\">\n\t\t\t\t<div class=\"elementor-element elementor-element-8fe0a62 e-flex e-con-boxed e-con e-parent\" data-id=\"8fe0a62\" data-element_type=\"container\">\n\t\t\t\t\t<div class=\"e-con-inner\">\n\t\t\t\t<div class=\"elementor-element elementor-element-d7b1de3 elementor-widget elementor-widget-html\" data-id=\"d7b1de3\" data-element_type=\"widget\" data-widget_type=\"html.default\">\n\t\t\t\t\t<div class=\"iletisim-kutu\">\r\n  <div class=\"satir\">\r\n    <span class=\"etiket\">Telefon:<\/span>\r\n    <a class=\"deger\" href=\"tel:+905363268135\">0536 326 81 35<\/a>\r\n  <\/div>\r\n\r\n  <div class=\"satir\">\r\n    <span class=\"etiket\">Adres:<\/span>\r\n    <a class=\"deger\" \r\n       href=\"https:\/\/www.google.com\/maps\/search\/?api=1&query=\u0130stanbul%20Ba\u011fc\u0131lar%20\u00c7iftlik%20T\u00fcrkiye\" \r\n       target=\"_blank\" rel=\"noopener\">\r\n      \u0130stanbul Ba\u011fc\u0131lar \u00c7iftlik<br>T\u00fcrkiye\r\n    <\/a>\r\n  <\/div>\r\n<\/div>\r\n\r\n<style>\r\n  .iletisim-kutu{\r\n    max-width: 520px;\r\n    padding: 14px 16px;\r\n    border: 1px solid rgba(0,0,0,.12);\r\n    border-radius: 12px;\r\n    background: #fff;\r\n    font-family: inherit;\r\n  }\r\n  .iletisim-kutu .satir{\r\n    display: flex;\r\n    gap: 10px;\r\n    align-items: flex-start;\r\n    padding: 10px 0;\r\n  }\r\n  .iletisim-kutu .satir + .satir{\r\n    border-top: 1px solid rgba(0,0,0,.08);\r\n  }\r\n  .iletisim-kutu .etiket{\r\n    min-width: 72px;\r\n    font-weight: 600;\r\n    opacity: .85;\r\n  }\r\n  .iletisim-kutu .deger{\r\n    color: inherit;\r\n    text-decoration: none;\r\n    line-height: 1.45;\r\n  }\r\n  .iletisim-kutu .deger:hover{\r\n    text-decoration: underline;\r\n  }\r\n<\/style>\r\n\t\t\t\t<\/div>\n\t\t\t\t\t<\/div>\n\t\t\t\t<\/div>\n\t\t\t\t<\/div>\n\t\t","protected":false},"excerpt":{"rendered":"Telefon: 0536 326 81 35 Adres: \u0130stanbul Ba\u011fc\u0131lar \u00c7iftlikT\u00fcrkiye","protected":false},"author":1,"featured_media":0,"parent":0,"menu_order":0,"comment_status":"closed","ping_status":"closed","template":"elementor_header_footer","meta":{"footnotes":""},"class_list":["post-707","page","type-page","status-publish","hentry"],"aioseo_notices":[],"_links":{"self":[{"href":"https:\/\/miracuzun.com.tr\/tesisat-sitesi\/wp-json\/wp\/v2\/pages\/707","targetHints":{"allow":["GET"]}}],"collection":[{"href":"https:\/\/miracuzun.com.tr\/tesisat-sitesi\/wp-json\/wp\/v2\/pages"}],"about":[{"href":"https:\/\/miracuzun.com.tr\/tesisat-sitesi\/wp-json\/wp\/v2\/types\/page"}],"author":[{"embeddable":true,"href":"https:\/\/miracuzun.com.tr\/tesisat-sitesi\/wp-json\/wp\/v2\/users\/1"}],"replies":[{"embeddable":true,"href":"https:\/\/miracuzun.com.tr\/tesisat-sitesi\/wp-json\/wp\/v2\/comments?post=707"}],"version-history":[{"count":5,"href":"https:\/\/miracuzun.com.tr\/tesisat-sitesi\/wp-json\/wp\/v2\/pages\/707\/revisions"}],"predecessor-version":[{"id":886,"href":"https:\/\/miracuzun.com.tr\/tesisat-sitesi\/wp-json\/wp\/v2\/pages\/707\/revisions\/886"}],"wp:attachment":[{"href":"https:\/\/miracuzun.com.tr\/tesisat-sitesi\/wp-json\/wp\/v2\/media?parent=707"}],"curies":[{"name":"wp","href":"https:\/\/api.w.org\/{rel}","templated":true}]}}