{"id":706,"date":"2021-11-02T05:52:42","date_gmt":"2021-11-02T05:52:42","guid":{"rendered":"https:\/\/wpocean.com\/wp\/plumco\/?page_id=17"},"modified":"2026-01-28T22:08:29","modified_gmt":"2026-01-28T19:08:29","slug":"about","status":"publish","type":"page","link":"https:\/\/miracuzun.com.tr\/tesisat-sitesi\/about\/","title":{"rendered":"Hakk\u0131m\u0131zda"},"content":{"rendered":"\t\t<div data-elementor-type=\"wp-page\" data-elementor-id=\"706\" class=\"elementor elementor-706\">\n\t\t\t\t\t\t<section class=\"elementor-section elementor-top-section elementor-element elementor-element-26e0cae elementor-section-full_width elementor-section-height-default elementor-section-height-default\" data-id=\"26e0cae\" data-element_type=\"section\">\n\t\t\t\t\t\t<div class=\"elementor-container elementor-column-gap-no\">\n\t\t\t\t\t<div class=\"elementor-column elementor-col-100 elementor-top-column elementor-element elementor-element-08d907c\" data-id=\"08d907c\" data-element_type=\"column\">\n\t\t\t<div class=\"elementor-widget-wrap elementor-element-populated\">\n\t\t\t\t\t\t<div class=\"elementor-element elementor-element-50ecdcf elementor-widget elementor-widget-wpo-plumco_about\" data-id=\"50ecdcf\" data-element_type=\"widget\" data-settings=\"{&quot;about_image&quot;:{&quot;url&quot;:&quot;https:\\\/\\\/miracuzun.com.tr\\\/tesisat-sitesi\\\/wp-content\\\/uploads\\\/2026\\\/01\\\/66663e-f7f0-4adb-9f05-880705222625.jpg&quot;,&quot;id&quot;:805,&quot;size&quot;:&quot;&quot;,&quot;alt&quot;:&quot;&quot;,&quot;source&quot;:&quot;library&quot;}}\" data-widget_type=\"wpo-plumco_about.default\">\n\t\t\t\t<div class=\"elementor-widget-container\">\n\t\t\t\t\t\t\t<div class=\"wpo-about-section about-section-s3\">\n\t\t\t<div class=\"container\">\n\t\t\t\t<div class=\"row\">\n\t\t\t\t\t<div class=\"col-lg-6 col-md-12 col-12\">\n\t\t\t\t\t\t<div class=\"about-thumnail\">\n\t\t\t\t\t\t\t<img decoding=\"async\" src=\"https:\/\/miracuzun.com.tr\/tesisat-sitesi\/wp-content\/uploads\/2026\/01\/66663e-f7f0-4adb-9f05-880705222625.jpg\" alt=\"\">\t\t\t\t\t\t<\/div>\n\t\t\t\t\t<\/div>\n\t\t\t\t\t<div class=\"col-lg-6 col-md-12 col-12\">\n\t\t\t\t\t\t<div class=\"wpo-about-text\">\n\t\t\t\t\t\t\t\t\t\t\t\t\t\t<div class=\"about-content\">\n\t\t\t\t\t\t\t\t<section class=\"about-hero\"><div class=\"container\"><div class=\"about-hero-content\"><h1>Sa\u011flam Tesisat Hakk\u0131nda<\/h1><p>15 y\u0131ll\u0131k deneyimle \u0130stanbul'un g\u00fcvenilir tesisat partneri<\/p><\/div><\/div><\/section><section class=\"about-content\"><div class=\"container\"><div class=\"content-grid\"><div class=\"content-text\"><h2>Hikayemiz<\/h2><p>Tuana Tesisat Hizmetleri, 2009 y\u0131l\u0131nda \u0130stanbul'da kurulmu\u015f, tesisat ve su ka\u00e7a\u011f\u0131 tespiti alan\u0131nda uzmanla\u015fm\u0131\u015f bir i\u015fletmedir. Y\u0131llar\u0131n deneyimi ve modern teknoloji ile tesisat sorunlar\u0131n\u0131za en iyi \u00e7\u00f6z\u00fcm\u00fc sa\u011fl\u0131yoruz.<\/p><p>M\u00fc\u015fteri memnuniyetini her \u015feyin \u00fcst\u00fcnde tutan anlay\u0131\u015f\u0131m\u0131zla, kaliteli hizmet sunmaya devam ediyoruz. Lavabo t\u0131kan\u0131kl\u0131\u011f\u0131ndan kanal a\u00e7maya, su ka\u00e7a\u011f\u0131 tespitinden musluk tamirine kadar her t\u00fcrl\u00fc tesisat sorunu i\u00e7in profesyonel \u00e7\u00f6z\u00fcmler \u00fcretiyoruz.<\/p><h3>Misyonumuz<\/h3><p>Robot cihazlar ve kaliteli hizmet anlay\u0131\u015f\u0131 ile m\u00fc\u015fterilerimizin tesisat sorunlar\u0131na kal\u0131c\u0131 \u00e7\u00f6z\u00fcm sunmak ve g\u00fcnl\u00fck hayatlar\u0131n\u0131 kolayla\u015ft\u0131rmak.<\/p><h3>Vizyonumuz<\/h3><p>\u0130stanbul ve \u00e7evresinde tesisat sekt\u00f6r\u00fcn\u00fcn lider markas\u0131 olmak ve m\u00fc\u015fteri memnuniyetinde sekt\u00f6re \u00f6rnek te\u015fkil etmek.<\/p><p>Neden Sa\u011flam Tesisat?<\/p><\/div><\/div><\/div><\/section><section class=\"about-section\"><div class=\"container\"><div class=\"section-header\"><p>Bizi tercih etmeniz i\u00e7in bir\u00e7ok neden var<\/p><\/div><div class=\"features-list\"><div class=\"feature-item animated\"><p>\u00a0<\/p><div><h3>15 Y\u0131ll\u0131k Deneyim<\/h3><p>2009'dan beri sekt\u00f6rdeki deneyimimizle kaliteli hizmet sunuyoruz.<\/p><\/div><\/div><div class=\"feature-item animated\"><p>\u00a0<\/p><div><h3>K\u0131rma D\u00f6kme Yok<\/h3><p>Robot cihazlarla sorunsuz m\u00fcdahale ve minimum hasar.<\/p><\/div><\/div><div class=\"feature-item animated\"><p>\u00a0<\/p><div><h3>30 Dakikada Yan\u0131n\u0131zday\u0131z<\/h3><p>Acil durumlar i\u00e7in h\u0131zl\u0131 ve g\u00fcvenilir servis.<\/p><\/div><\/div><\/div><\/div><\/section>\t\t\t\t\t\t\t<\/div>\n\t\t\t\t\t\t\t<div class=\"about-button\">\n\t\t\t\t\t\t\t\t<a href=\"#\"   class=\"theme-btn\" >More About<\/a>\t\t\t\t\t\t\t<\/div>\n\t\t\t\t\t\t<\/div>\n\t\t\t\t\t<\/div>\n\t\t\t\t<\/div>\n\t\t\t<\/div>\n\t\t<\/div>\n\t\t\t\t<\/div>\n\t\t\t\t<\/div>\n\t\t\t\t\t<\/div>\n\t\t<\/div>\n\t\t\t\t\t<\/div>\n\t\t<\/section>\n\t\t\t\t<\/div>\n\t\t","protected":false},"excerpt":{"rendered":"Sa\u011flam Tesisat Hakk\u0131nda 15 y\u0131ll\u0131k deneyimle \u0130stanbul&#8217;un g\u00fcvenilir tesisat partneri Hikayemiz Tuana Tesisat Hizmetleri, 2009 y\u0131l\u0131nda \u0130stanbul&#8217;da kurulmu\u015f, tesisat ve su ka\u00e7a\u011f\u0131 tespiti alan\u0131nda uzmanla\u015fm\u0131\u015f bir i\u015fletmedir. Y\u0131llar\u0131n deneyimi ve modern teknoloji ile tesisat sorunlar\u0131n\u0131za en iyi \u00e7\u00f6z\u00fcm\u00fc sa\u011fl\u0131yoruz. M\u00fc\u015fteri memnuniyetini her \u015feyin \u00fcst\u00fcnde tutan anlay\u0131\u015f\u0131m\u0131zla, kaliteli hizmet sunmaya devam ediyoruz. Lavabo t\u0131kan\u0131kl\u0131\u011f\u0131ndan kanal a\u00e7maya, ","protected":false},"author":1,"featured_media":0,"parent":0,"menu_order":0,"comment_status":"closed","ping_status":"closed","template":"elementor_header_footer","meta":{"footnotes":""},"class_list":["post-706","page","type-page","status-publish","hentry"],"aioseo_notices":[],"_links":{"self":[{"href":"https:\/\/miracuzun.com.tr\/tesisat-sitesi\/wp-json\/wp\/v2\/pages\/706","targetHints":{"allow":["GET"]}}],"collection":[{"href":"https:\/\/miracuzun.com.tr\/tesisat-sitesi\/wp-json\/wp\/v2\/pages"}],"about":[{"href":"https:\/\/miracuzun.com.tr\/tesisat-sitesi\/wp-json\/wp\/v2\/types\/page"}],"author":[{"embeddable":true,"href":"https:\/\/miracuzun.com.tr\/tesisat-sitesi\/wp-json\/wp\/v2\/users\/1"}],"replies":[{"embeddable":true,"href":"https:\/\/miracuzun.com.tr\/tesisat-sitesi\/wp-json\/wp\/v2\/comments?post=706"}],"version-history":[{"count":12,"href":"https:\/\/miracuzun.com.tr\/tesisat-sitesi\/wp-json\/wp\/v2\/pages\/706\/revisions"}],"predecessor-version":[{"id":882,"href":"https:\/\/miracuzun.com.tr\/tesisat-sitesi\/wp-json\/wp\/v2\/pages\/706\/revisions\/882"}],"wp:attachment":[{"href":"https:\/\/miracuzun.com.tr\/tesisat-sitesi\/wp-json\/wp\/v2\/media?parent=706"}],"curies":[{"name":"wp","href":"https:\/\/api.w.org\/{rel}","templated":true}]}}