{"id":162,"date":"2026-01-16T14:54:00","date_gmt":"2026-01-16T11:54:00","guid":{"rendered":"https:\/\/miracuzun.com.tr\/kodlamamakinetemasi\/?page_id=162"},"modified":"2026-01-16T15:31:13","modified_gmt":"2026-01-16T12:31:13","slug":"referanslarimiz","status":"publish","type":"page","link":"https:\/\/miracuzun.com.tr\/kodlamamakinetemasi\/referanslarimiz\/","title":{"rendered":"Referanslar"},"content":{"rendered":"\n<h2 class=\"wp-block-heading\">Otel Referanslar\u0131<\/h2>\n\n\n\n<figure class=\"wp-block-table\"><table class=\"has-fixed-layout\"><tbody><tr><td>Radisson Blu Hotel, \u0130stanbul Ottomare<\/td><td>Kuru temizleme mevcut<\/td><\/tr><tr><td>Radisson Blu Hotel, \u0130stanbul \u015ei\u015fli<\/td><td>Kuru temizleme mevcut<\/td><\/tr><tr><td>Radisson Blu Bosphorus, \u0130stanbul<\/td><td>Kuru temizleme mevcut<\/td><\/tr><tr><td>Radisson Blu Residences, \u0130stanbul Kartal<\/td><td>Kuru temizleme mevcut<\/td><\/tr><tr><td>Four Seasons Hotel Istanbul at Sultanahmet<\/td><td>L\u00fcks hizmetler sunar<\/td><\/tr><tr><td>Hagia Sofia Mansions Istanbul, Curio Collection by Hilton<\/td><td>Hilton grubu otel<\/td><\/tr><tr><td>The Ritz-Carlton, Istanbul<\/td><td>Kuru temizleme dahil hizmetler<\/td><\/tr><tr><td>Swiss\u00f4tel The Bosphorus, Istanbul<\/td><td>B\u00fcy\u00fck zincir otel<\/td><\/tr><\/tbody><\/table><\/figure>\n\n\n\n<h2 class=\"wp-block-heading\">Mimarl\u0131k Firmalar\u0131<\/h2>\n\n\n\n<figure class=\"wp-block-table\"><table class=\"has-fixed-layout\"><tbody><tr><td>Tabanlioglu Mimarl\u0131k<\/td><td>\u00d6nde gelen mimarl\u0131k ofisi<\/td><\/tr><tr><td>Two Plus Architects<\/td><td>Tasar\u0131m ve mimarl\u0131k<\/td><\/tr><tr><td>DB Architects<\/td><td>Kad\u0131k\u00f6y merkezli mimarl\u0131k<\/td><\/tr><tr><td>DILEKCI Architects (DDA) Istanbul<\/td><td>Sar\u0131yer&#8217;de mimarl\u0131k<\/td><\/tr><tr><td>Hayri Atak Architectural Design Studio<\/td><td>Beyo\u011flu mimarlar\u0131<\/td><\/tr><tr><td>Nous Architecture | Design<\/td><td>Kad\u0131k\u00f6y&#8217;de tasar\u0131m<\/td><\/tr><tr><td>Arkinom Mimarl\u0131k<\/td><td>Ko\u015fuyolu mimarl\u0131k<\/td><\/tr><\/tbody><\/table><\/figure>\n","protected":false},"excerpt":{"rendered":"<p>Otel Referanslar\u0131 Radisson Blu Hotel, \u0130stanbul Ottomare Kuru temizleme mevcut Radisson Blu Hotel, \u0130stanbul \u015ei\u015fli Kuru temizleme mevcut Radisson Blu&#8230;<\/p>\n","protected":false},"author":1,"featured_media":0,"parent":0,"menu_order":0,"comment_status":"closed","ping_status":"closed","template":"","meta":{"footnotes":""},"class_list":["post-162","page","type-page","status-publish","hentry"],"yoast_head":"<!-- This site is optimized with the Yoast SEO plugin v26.1.1 - https:\/\/yoast.com\/wordpress\/plugins\/seo\/ -->\n<title>Referanslar - Kodlama Markalama<\/title>\n<meta name=\"robots\" content=\"index, follow, max-snippet:-1, max-image-preview:large, max-video-preview:-1\" \/>\n<link rel=\"canonical\" href=\"https:\/\/miracuzun.com.tr\/kodlamamakinetemasi\/referanslarimiz\/\" \/>\n<meta property=\"og:locale\" content=\"tr_TR\" \/>\n<meta property=\"og:type\" content=\"article\" \/>\n<meta property=\"og:title\" content=\"Referanslar - Kodlama Markalama\" \/>\n<meta property=\"og:description\" content=\"Otel Referanslar\u0131 Radisson Blu Hotel, \u0130stanbul Ottomare Kuru temizleme mevcut Radisson Blu Hotel, \u0130stanbul \u015ei\u015fli Kuru temizleme mevcut Radisson Blu...\" \/>\n<meta property=\"og:url\" content=\"https:\/\/miracuzun.com.tr\/kodlamamakinetemasi\/referanslarimiz\/\" \/>\n<meta property=\"og:site_name\" content=\"Kodlama Markalama\" \/>\n<meta property=\"article:modified_time\" content=\"2026-01-16T12:31:13+00:00\" \/>\n<meta name=\"twitter:card\" content=\"summary_large_image\" \/>\n<meta name=\"twitter:label1\" content=\"Tahmini okuma s\u00fcresi\" \/>\n\t<meta name=\"twitter:data1\" content=\"1 dakika\" \/>\n<script type=\"application\/ld+json\" class=\"yoast-schema-graph\">{\"@context\":\"https:\/\/schema.org\",\"@graph\":[{\"@type\":\"WebPage\",\"@id\":\"https:\/\/miracuzun.com.tr\/kodlamamakinetemasi\/referanslarimiz\/\",\"url\":\"https:\/\/miracuzun.com.tr\/kodlamamakinetemasi\/referanslarimiz\/\",\"name\":\"Referanslar - Kodlama Markalama\",\"isPartOf\":{\"@id\":\"https:\/\/miracuzun.com.tr\/kodlamamakinetemasi\/#website\"},\"datePublished\":\"2026-01-16T11:54:00+00:00\",\"dateModified\":\"2026-01-16T12:31:13+00:00\",\"breadcrumb\":{\"@id\":\"https:\/\/miracuzun.com.tr\/kodlamamakinetemasi\/referanslarimiz\/#breadcrumb\"},\"inLanguage\":\"tr\",\"potentialAction\":[{\"@type\":\"ReadAction\",\"target\":[\"https:\/\/miracuzun.com.tr\/kodlamamakinetemasi\/referanslarimiz\/\"]}]},{\"@type\":\"BreadcrumbList\",\"@id\":\"https:\/\/miracuzun.com.tr\/kodlamamakinetemasi\/referanslarimiz\/#breadcrumb\",\"itemListElement\":[{\"@type\":\"ListItem\",\"position\":1,\"name\":\"Anasayfa\",\"item\":\"https:\/\/miracuzun.com.tr\/kodlamamakinetemasi\/\"},{\"@type\":\"ListItem\",\"position\":2,\"name\":\"Referanslar\"}]},{\"@type\":\"WebSite\",\"@id\":\"https:\/\/miracuzun.com.tr\/kodlamamakinetemasi\/#website\",\"url\":\"https:\/\/miracuzun.com.tr\/kodlamamakinetemasi\/\",\"name\":\"Kodlama Markalama\",\"description\":\"Kodlama Markalama\",\"potentialAction\":[{\"@type\":\"SearchAction\",\"target\":{\"@type\":\"EntryPoint\",\"urlTemplate\":\"https:\/\/miracuzun.com.tr\/kodlamamakinetemasi\/?s={search_term_string}\"},\"query-input\":{\"@type\":\"PropertyValueSpecification\",\"valueRequired\":true,\"valueName\":\"search_term_string\"}}],\"inLanguage\":\"tr\"}]}<\/script>\n<!-- \/ Yoast SEO plugin. -->","yoast_head_json":{"title":"Referanslar - Kodlama Markalama","robots":{"index":"index","follow":"follow","max-snippet":"max-snippet:-1","max-image-preview":"max-image-preview:large","max-video-preview":"max-video-preview:-1"},"canonical":"https:\/\/miracuzun.com.tr\/kodlamamakinetemasi\/referanslarimiz\/","og_locale":"tr_TR","og_type":"article","og_title":"Referanslar - Kodlama Markalama","og_description":"Otel Referanslar\u0131 Radisson Blu Hotel, \u0130stanbul Ottomare Kuru temizleme mevcut Radisson Blu Hotel, \u0130stanbul \u015ei\u015fli Kuru temizleme mevcut Radisson Blu...","og_url":"https:\/\/miracuzun.com.tr\/kodlamamakinetemasi\/referanslarimiz\/","og_site_name":"Kodlama Markalama","article_modified_time":"2026-01-16T12:31:13+00:00","twitter_card":"summary_large_image","twitter_misc":{"Tahmini okuma s\u00fcresi":"1 dakika"},"schema":{"@context":"https:\/\/schema.org","@graph":[{"@type":"WebPage","@id":"https:\/\/miracuzun.com.tr\/kodlamamakinetemasi\/referanslarimiz\/","url":"https:\/\/miracuzun.com.tr\/kodlamamakinetemasi\/referanslarimiz\/","name":"Referanslar - Kodlama Markalama","isPartOf":{"@id":"https:\/\/miracuzun.com.tr\/kodlamamakinetemasi\/#website"},"datePublished":"2026-01-16T11:54:00+00:00","dateModified":"2026-01-16T12:31:13+00:00","breadcrumb":{"@id":"https:\/\/miracuzun.com.tr\/kodlamamakinetemasi\/referanslarimiz\/#breadcrumb"},"inLanguage":"tr","potentialAction":[{"@type":"ReadAction","target":["https:\/\/miracuzun.com.tr\/kodlamamakinetemasi\/referanslarimiz\/"]}]},{"@type":"BreadcrumbList","@id":"https:\/\/miracuzun.com.tr\/kodlamamakinetemasi\/referanslarimiz\/#breadcrumb","itemListElement":[{"@type":"ListItem","position":1,"name":"Anasayfa","item":"https:\/\/miracuzun.com.tr\/kodlamamakinetemasi\/"},{"@type":"ListItem","position":2,"name":"Referanslar"}]},{"@type":"WebSite","@id":"https:\/\/miracuzun.com.tr\/kodlamamakinetemasi\/#website","url":"https:\/\/miracuzun.com.tr\/kodlamamakinetemasi\/","name":"Kodlama Markalama","description":"Kodlama Markalama","potentialAction":[{"@type":"SearchAction","target":{"@type":"EntryPoint","urlTemplate":"https:\/\/miracuzun.com.tr\/kodlamamakinetemasi\/?s={search_term_string}"},"query-input":{"@type":"PropertyValueSpecification","valueRequired":true,"valueName":"search_term_string"}}],"inLanguage":"tr"}]}},"_links":{"self":[{"href":"https:\/\/miracuzun.com.tr\/kodlamamakinetemasi\/wp-json\/wp\/v2\/pages\/162","targetHints":{"allow":["GET"]}}],"collection":[{"href":"https:\/\/miracuzun.com.tr\/kodlamamakinetemasi\/wp-json\/wp\/v2\/pages"}],"about":[{"href":"https:\/\/miracuzun.com.tr\/kodlamamakinetemasi\/wp-json\/wp\/v2\/types\/page"}],"author":[{"embeddable":true,"href":"https:\/\/miracuzun.com.tr\/kodlamamakinetemasi\/wp-json\/wp\/v2\/users\/1"}],"replies":[{"embeddable":true,"href":"https:\/\/miracuzun.com.tr\/kodlamamakinetemasi\/wp-json\/wp\/v2\/comments?post=162"}],"version-history":[{"count":3,"href":"https:\/\/miracuzun.com.tr\/kodlamamakinetemasi\/wp-json\/wp\/v2\/pages\/162\/revisions"}],"predecessor-version":[{"id":172,"href":"https:\/\/miracuzun.com.tr\/kodlamamakinetemasi\/wp-json\/wp\/v2\/pages\/162\/revisions\/172"}],"wp:attachment":[{"href":"https:\/\/miracuzun.com.tr\/kodlamamakinetemasi\/wp-json\/wp\/v2\/media?parent=162"}],"curies":[{"name":"wp","href":"https:\/\/api.w.org\/{rel}","templated":true}]}}